{"id":271,"date":"2023-01-10T14:44:49","date_gmt":"2023-01-10T14:44:49","guid":{"rendered":"https:\/\/wizardly-bhaskara.85-10-131-113.plesk.page\/?page_id=271"},"modified":"2026-03-04T10:07:02","modified_gmt":"2026-03-04T10:07:02","slug":"peuteropvang","status":"publish","type":"page","link":"https:\/\/babino.nl\/en\/peuteropvang\/","title":{"rendered":"Toddlercare"},"content":{"rendered":"<section class=\"section\" id=\"section_957774111\">\n\t\t<div class=\"section-bg fill\" >\n\t\t\t\t\t\t\t\t\t\n\t\t\t\n\n\t\t<\/div>\n\n\t\t\n\n\t\t<div class=\"section-content relative\">\n\t\t\t\n\n\n\t\t\t<!-- START Peuteropvang REVOLUTION SLIDER 6.7.33 --><p class=\"rs-p-wp-fix\"><\/p>\n\t\t\t<rs-module-wrap id=\"rev_slider_7_1_wrapper\" data-source=\"gallery\" style=\"visibility:hidden;background:transparent;padding:0;margin:0px auto;margin-top:0;margin-bottom:0;\">\n\t\t\t\t<rs-module id=\"rev_slider_7_1\" style=\"\" data-version=\"6.7.33\">\n\t\t\t\t\t<rs-slides style=\"overflow: hidden; position: absolute;\">\n\t\t\t\t\t\t<rs-slide style=\"position: absolute;\" data-key=\"rs-7\" data-title=\"Slide\" data-in=\"o:0;col:400;\" data-out=\"a:false;\">\n\t\t\t\t\t\t\t<img decoding=\"async\" src=\"\/\/babino.nl\/wp-content\/plugins\/revslider\/sr6\/assets\/assets\/dummy.png\" alt=\"\" title=\"Babino sfeerfotografie FbL web 2aan\" width=\"2500\" height=\"1667\" class=\"rev-slidebg tp-rs-img rs-lazyload\" data-lazyload=\"\/\/babino.nl\/wp-content\/uploads\/2023\/03\/Babino-sfeerfotografie-FbL-web-2aan.jpg\" data-no-retina>\n<!--\n\t\t\t\t\t\t\t--><rs-layer\n\t\t\t\t\t\t\t\tid=\"slider-7-slide-7-layer-1\" \n\t\t\t\t\t\t\t\tdata-type=\"text\"\n\t\t\t\t\t\t\t\tdata-color=\"#ffffff\"\n\t\t\t\t\t\t\t\tdata-rsp_ch=\"on\"\n\t\t\t\t\t\t\t\tdata-xy=\"x:c;y:c;\"\n\t\t\t\t\t\t\t\tdata-text=\"w:normal;s:50;l:50;a:center;\"\n\t\t\t\t\t\t\t\tdata-dim=\"w:432px;h:59px;\"\n\t\t\t\t\t\t\t\tdata-basealign=\"slide\"\n\t\t\t\t\t\t\t\tdata-frame_0=\"y:100%;\"\n\t\t\t\t\t\t\t\tdata-frame_0_mask=\"u:t;\"\n\t\t\t\t\t\t\t\tdata-frame_1=\"sp:1200;\"\n\t\t\t\t\t\t\t\tdata-frame_1_mask=\"u:t;\"\n\t\t\t\t\t\t\t\tdata-frame_999=\"o:0;st:w;\"\n\t\t\t\t\t\t\t\tstyle=\"z-index:6;font-family:'arial-rounded';\"\n\t\t\t\t\t\t\t>Toddlercare \n\t\t\t\t\t\t\t<\/rs-layer><!--\n-->\t\t\t\t\t<\/rs-slide>\n\t\t\t\t\t<\/rs-slides>\n\t\t\t\t<\/rs-module>\n\t\t\t\t<script>\n\t\t\t\t\tsetREVStartSize({c: 'rev_slider_7_1',rl:[1240,1024,778,480],el:[600],gw:[1240],gh:[600],type:'standard',justify:'',layout:'fullwidth',mh:\"0\"});if (window.RS_MODULES!==undefined && window.RS_MODULES.modules!==undefined && window.RS_MODULES.modules[\"revslider71\"]!==undefined) {window.RS_MODULES.modules[\"revslider71\"].once = false;window.revapi7 = undefined;if (window.RS_MODULES.checkMinimal!==undefined) window.RS_MODULES.checkMinimal()}\n\t\t\t\t<\/script>\n\t\t\t<\/rs-module-wrap>\n\t\t\t<!-- END REVOLUTION SLIDER -->\n\n\n\t\t<\/div>\n\n\t\t\n<style>\n#section_957774111 {\n  padding-top: 0px;\n  padding-bottom: 0px;\n}\n<\/style>\n\t<\/section>\n\t\n\n\t<section class=\"section\" id=\"section_1970740116\">\n\t\t<div class=\"section-bg fill\" >\n\t\t\t\t\t\t\t\t\t\n\t\t\t\n\n\t\t<\/div>\n\n\t\t\n\n\t\t<div class=\"section-content relative\">\n\t\t\t\n\n<div class=\"row row-large row-full-width align-equal align-center\"  id=\"row-2034300983\">\n\n\n\t<div id=\"col-486213605\" class=\"col medium-4 small-12 large-4\"  >\n\t\t\t\t<div class=\"col-inner\"  >\n\t\t\t\n\t\t\t\n\n<div class=\"row\"  id=\"row-333846457\">\n\n\n\t<div id=\"col-828867361\" class=\"col small-12 large-12\"  >\n\t\t\t\t<div class=\"col-inner\" style=\"background-color:#62a3c1;\" >\n\t\t\t\n\t\t\t\n\n<h2><span style=\"color: #ffffff;\"><strong>Toddlercare<\/strong><\/span><\/h2>\n\t<div id=\"gap-1155952288\" class=\"gap-element clearfix\" style=\"display:block; height:auto;\">\n\t\t\n<style>\n#gap-1155952288 {\n  padding-top: 14px;\n}\n<\/style>\n\t<\/div>\n\t\n\n<p><span style=\"color: #ffffff;\">Tijdens de schoolweken kunnen peuters van 2 tot 4 jaar (minimaal) twee dagdelen per week bij ons terecht voor opvang. Elk kind ontwikkelt zich op zijn eigen tempo en manier, en een veilige en vertrouwde omgeving is daarbij essentieel.<\/span><\/p>\n<p><span style=\"color: #ffffff;\">We dagen de kinderen uit met allerlei leuke activiteiten. Zo leren ze spelenderwijs nieuwe dingen, zoals taal, rekenen, motoriek en sociale vaardigheden. Een perfecte voorbereiding op de basisschool! Op veel locaties bieden we ook VE (Voorschoolse Educatie) aan, zodat kinderen een nog betere start kunnen maken op de basisschool. Bij Babino wordt er gewerkt met de methode \u2018Piramide Digitaal\u2019. Deze methode stimuleert jonge kinderen in hun ontwikkeling door een combinatie van spelen, werken en leren.<\/span><\/p>\n\n\t\t<\/div>\n\t\t\t\t\n<style>\n#col-828867361 > .col-inner {\n  padding: 5% 7% 5% 7%;\n  border-radius: 10px;\n}\n<\/style>\n\t<\/div>\n\n\t\n\n\t<div id=\"col-496456732\" class=\"col small-12 large-12\"  >\n\t\t\t\t<div class=\"col-inner\" style=\"background-color:rgb(255,255,255);\" >\n\t\t\t\n\t\t\t\n\n<h2><span style=\"color: #63a3c1;\"><strong>Voorschoolse Educatie (VE)<\/strong><\/span><\/h2>\n\t<div id=\"gap-1964832812\" class=\"gap-element clearfix\" style=\"display:block; height:auto;\">\n\t\t\n<style>\n#gap-1964832812 {\n  padding-top: 14px;\n}\n<\/style>\n\t<\/div>\n\t\n\n<p><span style=\"color: #63a3c1;\">De gemeente subsidieert de peuterplaats voor VE-doelgroepkinderen voor 2 dagdelen per week. Jouw kind komt dan 4 dagdelen per week en je betaalt voor slechts 2 dagdelen per week. Om in aanmerking te komen voor een VE-plaatsing is er een doorverwijzing van het consultatiebureau\/Centrum Jong nodig. Je kunt hier informeren of jouw kind in aanmerking komt voor een VE-plaatsing. Het VE-traject is voor kinderen vanaf 2,5 jaar.<\/span><\/p>\n<p><span style=\"color: #63a3c1;\">Op de VE-locaties worden vier keer per jaar thema bijeenkomsten georganiseerd over een onderwerp dat betrekking heeft op de opvoeding en ontwikkeling. Hier wordt vaak samengewerkt met bijvoorbeeld de bibliotheek, opvoedbureaus en deskundigen. Deze bijeenkomsten zijn verplicht voor de ouders(s)\/verzorger(s) met een VE-subsidie.<\/span><\/p>\n<p><span style=\"color: #63a3c1;\"><a style=\"color: #63a3c1;\" href=\"https:\/\/babino.nl\/wp-content\/uploads\/2025\/04\/VVE-beleid-Peuteropvang-Zaanstad-BV-25-3-2025.pdf\" target=\"_blank\" rel=\"noopener\">link naar VE-beleid<\/a><\/span><\/p>\n\n\t\t<\/div>\n\t\t\t\t\n<style>\n#col-496456732 > .col-inner {\n  padding: 5% 7% 5% 7%;\n  border-radius: 10px;\n}\n<\/style>\n\t<\/div>\n\n\t\n\n\t<div id=\"col-1139817181\" class=\"col small-12 large-12\"  >\n\t\t\t\t<div class=\"col-inner\" style=\"background-color:rgb(255,255,255);\" >\n\t\t\t\n\t\t\t\n\n\t<div id=\"text-3254872212\" class=\"text\">\n\t\t\n\n<h2><span style=\"color: #63a3c1;\">Wat jullie over ons zeggen<\/span><\/h2>\n\t\t\n<style>\n#text-3254872212 {\n  text-align: center;\n}\n<\/style>\n\t<\/div>\n\t\n\t<div id=\"gap-425532725\" class=\"gap-element clearfix\" style=\"display:block; height:auto;\">\n\t\t\n<style>\n#gap-425532725 {\n  padding-top: 18px;\n}\n<\/style>\n\t<\/div>\n\t\n\n<div class=\"slider-wrapper relative\" id=\"slider-1359991553\" >\n    <div class=\"slider slider-nav-simple slider-nav-large slider-nav-dark slider-nav-outside slider-style-normal slider-show-nav\"\n        data-flickity-options='{            \"cellAlign\": \"center\",            \"imagesLoaded\": true,            \"lazyLoad\": 1,            \"freeScroll\": false,            \"wrapAround\": true,            \"autoPlay\": 6000,            \"pauseAutoPlayOnHover\" : true,            \"prevNextButtons\": true,            \"contain\" : true,            \"adaptiveHeight\" : true,            \"dragThreshold\" : 10,            \"percentPosition\": true,            \"pageDots\": true,            \"rightToLeft\": false,            \"draggable\": true,            \"selectedAttraction\": 0.1,            \"parallax\" : 0,            \"friction\": 0.6        }'\n        >\n        \n\n<div class=\"row\"  id=\"row-1512864058\">\n\n\n\t<div id=\"col-1687028684\" class=\"col small-12 large-12\"  >\n\t\t\t\t<div class=\"col-inner\"  >\n\t\t\t\n\t\t\t\n\n  <div class=\"icon-box testimonial-box icon-box-left text-left\">\n                <div class=\"icon-box-text p-last-0\">\n          <div class=\"star-rating\"><span style=\"width:100%\"><strong class=\"rating\"><\/strong><\/span><\/div>  \t\t\t\t<div class=\"testimonial-text line-height-small italic test_text first-reset last-reset is-italic\">\n            \n\n<h3><span style=\"color: #8ec044;\"><em>Dennis van Leeuwen &#8211; Assendelft<\/em><\/span><\/h3>\n<p>Ik dacht dat \u2018sport BSO\u2019 betekende: een beetje extra buiten voetballen maar Babino pakt het serieus aan. Onze dochter leert diverse teamsporten, doet mee aan bootcamp en had laatst zelfs een sportquiz gedaan. Ze komt moe maar voldaan thuis. En wij? Wij zijn blij dat ze \u2019s avonds lekker slaapt \ud83d\ude09<\/p>\n\n          <\/div>\n          <div class=\"testimonial-meta pt-half\">\n             <strong class=\"testimonial-name test_name\"><\/strong>\n                          <span class=\"testimonial-company test_company\"><\/span>\n          <\/div>\n        <\/div>\n  <\/div>\n\n  \n\n\t\t<\/div>\n\t\t\t\t\t<\/div>\n\n\t\n\n<\/div>\n<div class=\"row\"  id=\"row-46101184\">\n\n\n\t<div id=\"col-1245591701\" class=\"col small-12 large-12\"  >\n\t\t\t\t<div class=\"col-inner\"  >\n\t\t\t\n\t\t\t\n\n  <div class=\"icon-box testimonial-box icon-box-left text-left\">\n                <div class=\"icon-box-text p-last-0\">\n          <div class=\"star-rating\"><span style=\"width:100%\"><strong class=\"rating\"><\/strong><\/span><\/div>  \t\t\t\t<div class=\"testimonial-text line-height-small italic test_text first-reset last-reset is-italic\">\n            \n\n<h3><em>Hatice \u00c7elik &#8211; Zaandijk<\/em><\/h3>\n<p>Babino&#8217;daki bebek grubu sakin, sevgi dolu ve sab\u0131rl\u0131. K\u0131z\u0131m\u0131z\u0131n ritmini \u00e7ok iyi takip ediyorlar. Ger\u00e7ekten sevdi\u011fim \u015fey: her g\u00fcn al\u0131rken k\u0131sa bir sohbet ve ebeveyn uygulamas\u0131 arac\u0131l\u0131\u011f\u0131yla foto\u011fraflar. Amina&#8217;n\u0131n en sevdi\u011fi \u015fey? Kendine hayran kalabilece\u011fi b\u00fcy\u00fck ayna. \u00c7ok g\u00fczel.<\/p>\n\n          <\/div>\n          <div class=\"testimonial-meta pt-half\">\n             <strong class=\"testimonial-name test_name\"><\/strong>\n                          <span class=\"testimonial-company test_company\"><\/span>\n          <\/div>\n        <\/div>\n  <\/div>\n\n  \n\n\t\t<\/div>\n\t\t\t\t\t<\/div>\n\n\t\n\n<\/div>\n<div class=\"row\"  id=\"row-500758421\">\n\n\n\t<div id=\"col-2077951247\" class=\"col small-12 large-12\"  >\n\t\t\t\t<div class=\"col-inner\"  >\n\t\t\t\n\t\t\t\n\n  <div class=\"icon-box testimonial-box icon-box-left text-left\">\n                <div class=\"icon-box-text p-last-0\">\n          <div class=\"star-rating\"><span style=\"width:100%\"><strong class=\"rating\"><\/strong><\/span><\/div>  \t\t\t\t<div class=\"testimonial-text line-height-small italic test_text first-reset last-reset is-italic\">\n            \n\n<h3><em>Niels Vermeer &#8211; Abbenes<\/em><\/h3>\n<p>Onze dochter had het in het begin moeilijk: alles was &#8220;NEE!&#8221; Maar dankzij de lieve juffen en het duidelijke dagritme is ze helemaal opgebloeid. Nu rent ze elke ochtend enthousiast naar binnen. Wij laten haar elke keer weer met een gerust gevoel en vol vertrouwen achter.<strong><\/p>\n<p><\/strong><\/p>\n\n          <\/div>\n          <div class=\"testimonial-meta pt-half\">\n             <strong class=\"testimonial-name test_name\"><\/strong>\n                          <span class=\"testimonial-company test_company\"><\/span>\n          <\/div>\n        <\/div>\n  <\/div>\n\n  \n\n\t\t<\/div>\n\t\t\t\t\t<\/div>\n\n\t\n\n<\/div>\n\n     <\/div>\n\n     <div class=\"loading-spin dark large centered\"><\/div>\n\n\t<\/div>\n\n\n\n\t\t<\/div>\n\t\t\t\t\n<style>\n#col-1139817181 > .col-inner {\n  padding: 5% 7% 5% 7%;\n  border-radius: 10px;\n}\n<\/style>\n\t<\/div>\n\n\t\n\n\n<style>\n#row-333846457 > .col > .col-inner {\n  background-color: rgb(255,255,255);\n}\n<\/style>\n<\/div>\n\n\t\t<\/div>\n\t\t\t\t\n<style>\n#col-486213605 > .col-inner {\n  margin: -100px 0px 0px 0px;\n}\n<\/style>\n\t<\/div>\n\n\t\n\n\t<div id=\"col-832760871\" class=\"col medium-4 small-12 large-4\"  >\n\t\t\t\t<div class=\"col-inner\"  >\n\t\t\t\n\t\t\t\n\n<div class=\"row\"  id=\"row-1464697206\">\n\n\n\t<div id=\"col-1002584097\" class=\"col large-12\"  >\n\t\t\t\t<div class=\"col-inner\"  >\n\t\t\t\n\t\t\t\n\n<div class=\"slider-wrapper relative banner-gloss\" id=\"slider-1641627237\" >\n    <div class=\"slider slider-nav-circle slider-nav-large slider-nav-light slider-style-normal slider-show-nav\"\n        data-flickity-options='{            \"cellAlign\": \"center\",            \"imagesLoaded\": true,            \"lazyLoad\": 1,            \"freeScroll\": false,            \"wrapAround\": true,            \"autoPlay\": 6000,            \"pauseAutoPlayOnHover\" : true,            \"prevNextButtons\": true,            \"contain\" : true,            \"adaptiveHeight\" : true,            \"dragThreshold\" : 10,            \"percentPosition\": true,            \"pageDots\": false,            \"rightToLeft\": false,            \"draggable\": true,            \"selectedAttraction\": 0.1,            \"parallax\" : 0,            \"friction\": 0.6        }'\n        >\n        \n\n\t<div class=\"img has-hover x md-x lg-x y md-y lg-y\" id=\"image_1836292415\">\n\t\t\t\t\t\t\t\t<div class=\"img-inner dark\" >\n\t\t\t<img loading=\"lazy\" decoding=\"async\" width=\"1020\" height=\"680\" src=\"https:\/\/babino.nl\/wp-content\/uploads\/2023\/03\/Babino-sfeerfotografie-FbL-web-5aan-1200x800.jpg\" class=\"attachment-large size-large\" alt=\"\" srcset=\"https:\/\/babino.nl\/wp-content\/uploads\/2023\/03\/Babino-sfeerfotografie-FbL-web-5aan-1200x800.jpg 1200w, https:\/\/babino.nl\/wp-content\/uploads\/2023\/03\/Babino-sfeerfotografie-FbL-web-5aan-600x400.jpg 600w, https:\/\/babino.nl\/wp-content\/uploads\/2023\/03\/Babino-sfeerfotografie-FbL-web-5aan-768x512.jpg 768w, https:\/\/babino.nl\/wp-content\/uploads\/2023\/03\/Babino-sfeerfotografie-FbL-web-5aan-1536x1024.jpg 1536w, https:\/\/babino.nl\/wp-content\/uploads\/2023\/03\/Babino-sfeerfotografie-FbL-web-5aan-2048x1366.jpg 2048w\" sizes=\"auto, (max-width: 1020px) 100vw, 1020px\" \/>\t\t\t\t\t\t\n\t\t\t\t\t<\/div>\n\t\t\t\t\t\t\t\t\n<style>\n#image_1836292415 {\n  width: 100%;\n}\n<\/style>\n\t<\/div>\n\t\n\n\t<div class=\"img has-hover x md-x lg-x y md-y lg-y\" id=\"image_1772241737\">\n\t\t\t\t\t\t\t\t<div class=\"img-inner dark\" >\n\t\t\t<img loading=\"lazy\" decoding=\"async\" width=\"1020\" height=\"680\" src=\"https:\/\/babino.nl\/wp-content\/uploads\/2023\/03\/Babino-sfeerfotografie-FbL-web-30aan-1200x800.jpg\" class=\"attachment-large size-large\" alt=\"\" srcset=\"https:\/\/babino.nl\/wp-content\/uploads\/2023\/03\/Babino-sfeerfotografie-FbL-web-30aan-1200x800.jpg 1200w, https:\/\/babino.nl\/wp-content\/uploads\/2023\/03\/Babino-sfeerfotografie-FbL-web-30aan-600x400.jpg 600w, https:\/\/babino.nl\/wp-content\/uploads\/2023\/03\/Babino-sfeerfotografie-FbL-web-30aan-768x512.jpg 768w, https:\/\/babino.nl\/wp-content\/uploads\/2023\/03\/Babino-sfeerfotografie-FbL-web-30aan-1536x1024.jpg 1536w, https:\/\/babino.nl\/wp-content\/uploads\/2023\/03\/Babino-sfeerfotografie-FbL-web-30aan-2048x1366.jpg 2048w\" sizes=\"auto, (max-width: 1020px) 100vw, 1020px\" \/>\t\t\t\t\t\t\n\t\t\t\t\t<\/div>\n\t\t\t\t\t\t\t\t\n<style>\n#image_1772241737 {\n  width: 100%;\n}\n<\/style>\n\t<\/div>\n\t\n\n\t<div class=\"img has-hover x md-x lg-x y md-y lg-y\" id=\"image_1221023466\">\n\t\t\t\t\t\t\t\t<div class=\"img-inner dark\" >\n\t\t\t<img loading=\"lazy\" decoding=\"async\" width=\"533\" height=\"800\" src=\"https:\/\/babino.nl\/wp-content\/uploads\/2025\/05\/IMG_0525-min-533x800.jpg\" class=\"attachment-large size-large\" alt=\"\" srcset=\"https:\/\/babino.nl\/wp-content\/uploads\/2025\/05\/IMG_0525-min-533x800.jpg 533w, https:\/\/babino.nl\/wp-content\/uploads\/2025\/05\/IMG_0525-min-267x400.jpg 267w, https:\/\/babino.nl\/wp-content\/uploads\/2025\/05\/IMG_0525-min-768x1152.jpg 768w, https:\/\/babino.nl\/wp-content\/uploads\/2025\/05\/IMG_0525-min-1024x1536.jpg 1024w, https:\/\/babino.nl\/wp-content\/uploads\/2025\/05\/IMG_0525-min-1365x2048.jpg 1365w, https:\/\/babino.nl\/wp-content\/uploads\/2025\/05\/IMG_0525-min-8x12.jpg 8w, https:\/\/babino.nl\/wp-content\/uploads\/2025\/05\/IMG_0525-min-scaled.jpg 1707w\" sizes=\"auto, (max-width: 533px) 100vw, 533px\" \/>\t\t\t\t\t\t\n\t\t\t\t\t<\/div>\n\t\t\t\t\t\t\t\t\n<style>\n#image_1221023466 {\n  width: 100%;\n}\n<\/style>\n\t<\/div>\n\t\n\n\n     <\/div>\n\n     <div class=\"loading-spin dark large centered\"><\/div>\n\n\t<\/div>\n\n\n\n\t\t<\/div>\n\t\t\t\t\n<style>\n#col-1002584097 > .col-inner {\n  margin: 0px 0px 0px 0px;\n}\n<\/style>\n\t<\/div>\n\n\t\n\n\t<div id=\"col-735183794\" class=\"col small-12 large-12\"  >\n\t\t\t\t<div class=\"col-inner\" style=\"background-color:#ec669a;\" >\n\t\t\t\n\t\t\t\n\n<h2><span style=\"color: #ffffff;\">Pedagogical policy<\/span><\/h2>\n\t<div id=\"gap-1105330466\" class=\"gap-element clearfix\" style=\"display:block; height:auto;\">\n\t\t\n<style>\n#gap-1105330466 {\n  padding-top: 14px;\n}\n<\/style>\n\t<\/div>\n\t\n\n<p><span style=\"color: #7b6a58;\"><span style=\"font-size: 105%; color: #ffffff;\"><strong>\u279c<\/strong> <\/span><a href=\"https:\/\/babino.nl\/wp-content\/uploads\/2026\/03\/9.0-Pedagogisch-Beleidsplan.pdf\" target=\"_blank\" rel=\"noopener\"><span style=\"color: #ffffff;\">Pedagogical Policy Plan<\/span><\/a><br \/><span style=\"font-size: 105%; color: #ffffff;\"><strong>\u279c<\/strong> <\/span><a href=\"https:\/\/babino.nl\/wp-content\/uploads\/2026\/03\/Pedagogisch-werkplan-Peuteropvang.pdf\" target=\"_blank\" rel=\"noopener\"><span style=\"color: #ffffff;\">Pedagogical work plan for PO<\/span><\/a><\/span><\/p>\n\n\t\t<\/div>\n\t\t\t\t\n<style>\n#col-735183794 > .col-inner {\n  padding: 7% 7% 5% 7%;\n  border-radius: 10px;\n}\n<\/style>\n\t<\/div>\n\n\t\n\n\t<div id=\"col-1898319281\" class=\"col small-12 large-12\"  >\n\t\t\t\t<div class=\"col-inner\" style=\"background-color:rgb(255,255,255);\" >\n\t\t\t\n\t\t\t\n\n<h2><span style=\"color: #63a3c1;\"><strong>VE-methode \u2018Piramide Digitaal\u2019<\/strong><\/span><\/h2>\n\t<div id=\"gap-536277680\" class=\"gap-element clearfix\" style=\"display:block; height:auto;\">\n\t\t\n<style>\n#gap-536277680 {\n  padding-top: 14px;\n}\n<\/style>\n\t<\/div>\n\t\n\n<p><span style=\"color: #63a3c1;\">To promote the continuous learning line to primary school, Babino works with the 'Piramide Digitaal' method. Piramide Digitaal stimulates young children in their development through a combination of playing, working and learning. Children who need extra support receive special attention in the form of tutoring, language stimulation and play. Parents are involved in the program by, among other things, doing activities with their child at home that are in line with what the child has done at the day care centre.<\/span><\/p>\n\n\t\t<\/div>\n\t\t\t\t\n<style>\n#col-1898319281 > .col-inner {\n  padding: 5% 7% 5% 7%;\n  border-radius: 10px;\n}\n<\/style>\n\t<\/div>\n\n\t\n\n\t<div id=\"col-194111794\" class=\"col small-12 large-12\"  >\n\t\t\t\t<div class=\"col-inner\" style=\"background-color:rgb(142, 192, 68);\" >\n\t\t\t\n\t\t\t\n\n<h2><span style=\"color: #ffffff;\">View our locations<\/span><\/h2>\n<p><span style=\"color: #ffffff;\">Babino has several locations where care is offered. On our location page you can choose the type of childcare you are looking for and view the locations.<\/span><\/p>\n<p><span style=\"color: #ffffff;\">When you open a location, you can find relevant information about the type of childcare.<\/span><\/p>\n\t<div class=\"img has-hover x md-x lg-x y md-y lg-y\" id=\"image_559270412\">\n\t\t\t\t\t\t\t\t<div class=\"img-inner dark\" >\n\t\t\t<img loading=\"lazy\" decoding=\"async\" width=\"1002\" height=\"800\" src=\"https:\/\/babino.nl\/wp-content\/uploads\/2023\/03\/vest2@4x-1002x800.png\" class=\"attachment-large size-large\" alt=\"\" srcset=\"https:\/\/babino.nl\/wp-content\/uploads\/2023\/03\/vest2@4x-1002x800.png 1002w, https:\/\/babino.nl\/wp-content\/uploads\/2023\/03\/vest2@4x-501x400.png 501w, https:\/\/babino.nl\/wp-content\/uploads\/2023\/03\/vest2@4x-768x613.png 768w, https:\/\/babino.nl\/wp-content\/uploads\/2023\/03\/vest2@4x.png 1232w\" sizes=\"auto, (max-width: 1002px) 100vw, 1002px\" \/>\t\t\t\t\t\t\n\t\t\t\t\t<\/div>\n\t\t\t\t\t\t\t\t\n<style>\n#image_559270412 {\n  width: 100%;\n}\n<\/style>\n\t<\/div>\n\t\n\n\t<div id=\"gap-1542301707\" class=\"gap-element clearfix\" style=\"display:block; height:auto;\">\n\t\t\n<style>\n#gap-1542301707 {\n  padding-top: 15px;\n}\n<\/style>\n\t<\/div>\n\t\n\n<a href=\"https:\/\/babino.nl\/en\/vestigingen\/\" class=\"button secondary\"  style=\"border-radius:6px;\">\n\t\t<span>Vieuw our locations<\/span>\n\t<\/a>\n\n\n\n\t\t<\/div>\n\t\t\t\t\n<style>\n#col-194111794 > .col-inner {\n  padding: 5% 7% 5% 7%;\n  border-radius: 10px;\n}\n<\/style>\n\t<\/div>\n\n\t\n\n<\/div>\n\n\t\t<\/div>\n\t\t\t\t\n<style>\n#col-832760871 > .col-inner {\n  margin: -40px 0px 0px 0px;\n}\n@media (min-width:550px) {\n  #col-832760871 > .col-inner {\n    margin: -100px 0px 0px 0px;\n  }\n}\n<\/style>\n\t<\/div>\n\n\t\n\n\t<div id=\"col-1071548633\" class=\"col medium-4 small-12 large-4\"  >\n\t\t\t\t<div class=\"col-inner\"  >\n\t\t\t\n\t\t\t\n\n<div class=\"row\"  id=\"row-10096256\">\n\n\n\n\t<div id=\"col-748189547\" class=\"col small-12 large-12\"  >\n\t\t\t\t<div class=\"col-inner\" style=\"background-color:rgb(255,255,255);\" >\n\t\t\t\n\t\t\t\n\n<h2><span style=\"color: #63a3c1;\">Wij helpen je graag!<\/span><\/h2>\n<p><span style=\"color: #63a3c1;\">Bij vragen kun je contact opnemen met ons hoofdkantoor.<\/span><\/p>\n<p><span style=\"color: #63a3c1;\"><strong>Babino BV &amp; Peuteropvang Zaanstad BV<\/strong><\/span><br \/><span style=\"color: #63a3c1;\">Kerkstraat 2<\/span><br \/><span style=\"color: #63a3c1;\">1551 BN Westzaan<\/span><\/p>\n<p><span style=\"color: #63a3c1;\">Phone number: 075 2020389<\/span><br \/><span style=\"color: #63a3c1;\">E-mail: <a style=\"color: #63a3c1;\" href=\"mailto:info@babino.nl\">info@babino.nl<\/a><\/span><\/p>\n\n\t\t<\/div>\n\t\t\t\t\n<style>\n#col-748189547 > .col-inner {\n  padding: 5% 7% 5% 7%;\n  margin: 0px 0px 0px 0px;\n  border-radius: 10px;\n}\n<\/style>\n\t<\/div>\n\n\t\n\n\t<div id=\"col-1251522807\" class=\"col small-12 large-12\"  data-animate=\"fadeInUp\">\n\t\t\t\t<div class=\"col-inner\" style=\"background-color:rgb(255,255,255);\" >\n\t\t\t\n\t\t\t\n\n\n\n<div class=\"mapouter\">\n<div class=\"gmap_canvas\">\n      <iframe loading=\"lazy\" src=\"https:\/\/maps.google.com\/maps?q=Babino%20BV%20Kerkstraat%202%201551%20BN%20Westzaan&#038;t=&#038;z=17&#038;ie=UTF8&#038;iwloc=&#038;output=embed\" width=\"100%\" height=\"300\" frameborder=\"0\" style=\"border:0\" allowfullscreen=\"\"><\/iframe>\n   <\/div>\n<\/div>\n<style>\n   .mapouter {<br \/>\n      position:relative;<br \/>\n      text-align:right;<br \/>\n      height:0;<br \/>\n      padding-bottom: 56.25%; \/* 16:9 aspect ratio *\/<br \/>\n   }<br \/>\n   .gmap_canvas {<br \/>\n      position:absolute;<br \/>\n      top:0;<br \/>\n      left:0;<br \/>\n      width:100%;<br \/>\n      height:100%;<br \/>\n   }<br \/>\n<\/style>\n\n\n\t\t<\/div>\n\t\t\t\t\n<style>\n#col-1251522807 > .col-inner {\n  padding: 5% 7% 5% 7%;\n  border-radius: 10px;\n}\n<\/style>\n\t<\/div>\n\n\t\n\n<\/div>\n\n\t\t<\/div>\n\t\t\t\t\n<style>\n#col-1071548633 > .col-inner {\n  margin: -40px 0px 0px 0px;\n}\n@media (min-width:550px) {\n  #col-1071548633 > .col-inner {\n    margin: -100px 0px 0px 0px;\n  }\n}\n<\/style>\n\t<\/div>\n\n\t\n\n<\/div>\n\n\t\t<\/div>\n\n\t\t\n<style>\n#section_1970740116 {\n  padding-top: 30px;\n  padding-bottom: 30px;\n}\n<\/style>\n\t<\/section>","protected":false},"excerpt":{"rendered":"","protected":false},"author":4,"featured_media":0,"parent":0,"menu_order":0,"comment_status":"closed","ping_status":"closed","template":"page-blank.php","meta":{"footnotes":""},"categories":[],"tags":[],"class_list":["post-271","page","type-page","status-publish","hentry"],"_links":{"self":[{"href":"https:\/\/babino.nl\/en\/wp-json\/wp\/v2\/pages\/271","targetHints":{"allow":["GET"]}}],"collection":[{"href":"https:\/\/babino.nl\/en\/wp-json\/wp\/v2\/pages"}],"about":[{"href":"https:\/\/babino.nl\/en\/wp-json\/wp\/v2\/types\/page"}],"author":[{"embeddable":true,"href":"https:\/\/babino.nl\/en\/wp-json\/wp\/v2\/users\/4"}],"replies":[{"embeddable":true,"href":"https:\/\/babino.nl\/en\/wp-json\/wp\/v2\/comments?post=271"}],"version-history":[{"count":9,"href":"https:\/\/babino.nl\/en\/wp-json\/wp\/v2\/pages\/271\/revisions"}],"predecessor-version":[{"id":3481,"href":"https:\/\/babino.nl\/en\/wp-json\/wp\/v2\/pages\/271\/revisions\/3481"}],"wp:attachment":[{"href":"https:\/\/babino.nl\/en\/wp-json\/wp\/v2\/media?parent=271"}],"wp:term":[{"taxonomy":"category","embeddable":true,"href":"https:\/\/babino.nl\/en\/wp-json\/wp\/v2\/categories?post=271"},{"taxonomy":"post_tag","embeddable":true,"href":"https:\/\/babino.nl\/en\/wp-json\/wp\/v2\/tags?post=271"}],"curies":[{"name":"wp","href":"https:\/\/api.w.org\/{rel}","templated":true}]}}